{"id":828,"date":"2023-03-29T19:54:58","date_gmt":"2023-03-29T19:54:58","guid":{"rendered":"http:\/\/midlifescapes.com\/?page_id=828"},"modified":"2023-04-23T23:22:09","modified_gmt":"2023-04-23T23:22:09","slug":"passeios-fotograficos","status":"publish","type":"page","link":"https:\/\/midlifescapes.com\/en\/fugas\/passeios-fotograficos\/","title":{"rendered":"Photo Tours"},"content":{"rendered":"<div data-elementor-type=\"wp-page\" data-elementor-id=\"828\" class=\"elementor elementor-828\" data-elementor-post-type=\"page\">\n\t\t\t\t\t\t<section class=\"elementor-section elementor-top-section elementor-element elementor-element-ac5790e elementor-section-full_width elementor-section-content-middle elementor-section-height-default elementor-section-height-default\" data-id=\"ac5790e\" data-element_type=\"section\" data-e-type=\"section\">\n\t\t\t\t\t\t<div class=\"elementor-container elementor-column-gap-default\">\n\t\t\t\t\t<div class=\"elementor-column elementor-col-100 elementor-top-column elementor-element elementor-element-5b90feb\" data-id=\"5b90feb\" data-element_type=\"column\" data-e-type=\"column\">\n\t\t\t<div class=\"elementor-widget-wrap elementor-element-populated\">\n\t\t\t\t\t\t<div class=\"elementor-element elementor-element-27b9409 elementor-widget elementor-widget-image\" data-id=\"27b9409\" data-element_type=\"widget\" data-e-type=\"widget\" data-widget_type=\"image.default\">\n\t\t\t\t<div class=\"elementor-widget-container\">\n\t\t\t\t\t\t\t\t\t\t\t\t\t\t\t<img fetchpriority=\"high\" decoding=\"async\" width=\"2560\" height=\"1706\" src=\"https:\/\/midlifescapes.com\/wp-content\/uploads\/2023\/04\/DSC_0754-alt-scaled.jpg\" class=\"attachment-full size-full wp-image-2117\" alt=\"\" srcset=\"https:\/\/midlifescapes.com\/wp-content\/uploads\/2023\/04\/DSC_0754-alt-scaled.jpg 2560w, https:\/\/midlifescapes.com\/wp-content\/uploads\/2023\/04\/DSC_0754-alt-300x200.jpg 300w, https:\/\/midlifescapes.com\/wp-content\/uploads\/2023\/04\/DSC_0754-alt-1024x683.jpg 1024w, https:\/\/midlifescapes.com\/wp-content\/uploads\/2023\/04\/DSC_0754-alt-768x512.jpg 768w, https:\/\/midlifescapes.com\/wp-content\/uploads\/2023\/04\/DSC_0754-alt-1536x1024.jpg 1536w, https:\/\/midlifescapes.com\/wp-content\/uploads\/2023\/04\/DSC_0754-alt-2048x1365.jpg 2048w\" sizes=\"(max-width: 2560px) 100vw, 2560px\" \/>\t\t\t\t\t\t\t\t\t\t\t\t\t\t\t<\/div>\n\t\t\t\t<\/div>\n\t\t\t\t<div class=\"elementor-element elementor-element-6f38aeb elementor-widget elementor-widget-heading\" data-id=\"6f38aeb\" data-element_type=\"widget\" data-e-type=\"widget\" data-widget_type=\"heading.default\">\n\t\t\t\t<div class=\"elementor-widget-container\">\n\t\t\t\t\t<h2 class=\"elementor-heading-title elementor-size-default\">Photo Tours<\/h2>\t\t\t\t<\/div>\n\t\t\t\t<\/div>\n\t\t\t\t\t<\/div>\n\t\t<\/div>\n\t\t\t\t\t<\/div>\n\t\t<\/section>\n\t\t\t\t<section class=\"elementor-section elementor-top-section elementor-element elementor-element-5d3b8ba elementor-section-boxed elementor-section-height-default elementor-section-height-default\" data-id=\"5d3b8ba\" data-element_type=\"section\" data-e-type=\"section\">\n\t\t\t\t\t\t<div class=\"elementor-container elementor-column-gap-default\">\n\t\t\t\t\t<div class=\"elementor-column elementor-col-100 elementor-top-column elementor-element elementor-element-48edf0c\" data-id=\"48edf0c\" data-element_type=\"column\" data-e-type=\"column\">\n\t\t\t<div class=\"elementor-widget-wrap elementor-element-populated\">\n\t\t\t\t\t\t<div class=\"elementor-element elementor-element-95457a3 elementor-widget elementor-widget-heading\" data-id=\"95457a3\" data-element_type=\"widget\" data-e-type=\"widget\" data-widget_type=\"heading.default\">\n\t\t\t\t<div class=\"elementor-widget-container\">\n\t\t\t\t\t<h2 class=\"elementor-heading-title elementor-size-default\">Traveling with your eyes...<\/h2>\t\t\t\t<\/div>\n\t\t\t\t<\/div>\n\t\t\t\t<div class=\"elementor-element elementor-element-357cbdb elementor-widget elementor-widget-text-editor\" data-id=\"357cbdb\" data-element_type=\"widget\" data-e-type=\"widget\" data-widget_type=\"text-editor.default\">\n\t\t\t\t<div class=\"elementor-widget-container\">\n\t\t\t\t\t\t\t\t\t<p class=\"translation-block\">In our <strong>photographic tours<\/strong>, we invite you to travel with us through our eyes, to pay attention to details and moments that often go unnoticed.<\/p><p>We believe that traveling is not just about distant destinations, but also about being willing to observe and appreciate what surrounds us.<\/p><p>Here, we will share the experiences from our photography tours focused on capturing the beauty of the places we visit.<\/p><p>Traveling can simply involve a willingness to observe what surrounds us, and a photographic walk is the perfect opportunity for that.<\/p><p>Translation: We hope our tours inspire you to explore the world more attentively and create unique memories through photography.<\/p>\t\t\t\t\t\t\t\t<\/div>\n\t\t\t\t<\/div>\n\t\t\t\t\t<\/div>\n\t\t<\/div>\n\t\t\t\t\t<\/div>\n\t\t<\/section>\n\t\t\t\t<section class=\"elementor-section elementor-top-section elementor-element elementor-element-ff04f57 elementor-section-boxed elementor-section-height-default elementor-section-height-default\" data-id=\"ff04f57\" data-element_type=\"section\" data-e-type=\"section\">\n\t\t\t\t\t\t<div class=\"elementor-container elementor-column-gap-default\">\n\t\t\t\t\t<div class=\"elementor-column elementor-col-100 elementor-top-column elementor-element elementor-element-d1565a4\" data-id=\"d1565a4\" data-element_type=\"column\" data-e-type=\"column\">\n\t\t\t<div class=\"elementor-widget-wrap elementor-element-populated\">\n\t\t\t\t\t\t<div class=\"elementor-element elementor-element-8cbcb4d elementor-widget elementor-widget-heading\" data-id=\"8cbcb4d\" data-element_type=\"widget\" data-e-type=\"widget\" data-widget_type=\"heading.default\">\n\t\t\t\t<div class=\"elementor-widget-container\">\n\t\t\t\t\t<h2 class=\"elementor-heading-title elementor-size-default\">Soon we will share our tours!<\/h2>\t\t\t\t<\/div>\n\t\t\t\t<\/div>\n\t\t\t\t\t<\/div>\n\t\t<\/div>\n\t\t\t\t\t<\/div>\n\t\t<\/section>\n\t\t\t\t<\/div>","protected":false},"excerpt":{"rendered":"<p>Passeios Fotogr\u00e1ficos Viajar com o olhar&#8230; Nos passeios fotogr\u00e1ficos, convidamos-vos a viajar connosco atrav\u00e9s do olhar, a prestar aten\u00e7\u00e3o aos detalhes e instantes que muitas vezes passam despercebidos. Acreditamos que viajar n\u00e3o \u00e9 apenas sobre destinos distantes, mas tamb\u00e9m sobre a disposi\u00e7\u00e3o para observar e apreciar o que nos rodeia. Aqui, partilharemos as experi\u00eancias dos [&hellip;]<\/p>\n","protected":false},"author":1,"featured_media":0,"parent":589,"menu_order":0,"comment_status":"closed","ping_status":"closed","template":"","meta":{"_mo_disable_npp":"","_monsterinsights_skip_tracking":false,"_monsterinsights_sitenote_active":false,"_monsterinsights_sitenote_note":"","_monsterinsights_sitenote_category":0,"footnotes":""},"class_list":["post-828","page","type-page","status-publish","hentry"],"yoast_head":"<!-- This site is optimized with the Yoast SEO plugin v27.1.1 - https:\/\/yoast.com\/product\/yoast-seo-wordpress\/ -->\n<title>Passeios Fotogr\u00e1ficos - Midlife Scapes<\/title>\n<meta name=\"description\" content=\"Nos passeios fotogr\u00e1ficos, convidamos-vos a viajar connosco atrav\u00e9s do olhar, a prestar aten\u00e7\u00e3o aos detalhes e instantes que muitas vezes passam despercebidos.\" \/>\n<meta name=\"robots\" content=\"index, follow, max-snippet:-1, max-image-preview:large, max-video-preview:-1\" \/>\n<link rel=\"canonical\" href=\"https:\/\/midlifescapes.com\/en\/fugas\/passeios-fotograficos\/\" \/>\n<meta property=\"og:locale\" content=\"en_GB\" \/>\n<meta property=\"og:type\" content=\"article\" \/>\n<meta property=\"og:title\" content=\"Passeios Fotogr\u00e1ficos - Midlife Scapes\" \/>\n<meta property=\"og:description\" content=\"Nos passeios fotogr\u00e1ficos, convidamos-vos a viajar connosco atrav\u00e9s do olhar, a prestar aten\u00e7\u00e3o aos detalhes e instantes que muitas vezes passam despercebidos.\" \/>\n<meta property=\"og:url\" content=\"https:\/\/midlifescapes.com\/en\/fugas\/passeios-fotograficos\/\" \/>\n<meta property=\"og:site_name\" content=\"Midlife Scapes\" \/>\n<meta property=\"article:publisher\" content=\"https:\/\/www.facebook.com\/profile.php?id=100091307713467\" \/>\n<meta property=\"article:modified_time\" content=\"2023-04-23T23:22:09+00:00\" \/>\n<meta property=\"og:image\" content=\"http:\/\/midlifescapes.com\/wp-content\/uploads\/2023\/04\/DSC_0754-alt-scaled.jpg\" \/>\n<meta name=\"twitter:card\" content=\"summary_large_image\" \/>\n<meta name=\"twitter:label1\" content=\"Estimated reading time\" \/>\n\t<meta name=\"twitter:data1\" content=\"1 minute\" \/>\n<script type=\"application\/ld+json\" class=\"yoast-schema-graph\">{\"@context\":\"https:\/\/schema.org\",\"@graph\":[{\"@type\":\"WebPage\",\"@id\":\"https:\/\/midlifescapes.com\/fugas\/passeios-fotograficos\/\",\"url\":\"https:\/\/midlifescapes.com\/fugas\/passeios-fotograficos\/\",\"name\":\"Passeios Fotogr\u00e1ficos - Midlife Scapes\",\"isPartOf\":{\"@id\":\"https:\/\/midlifescapes.com\/#website\"},\"primaryImageOfPage\":{\"@id\":\"https:\/\/midlifescapes.com\/fugas\/passeios-fotograficos\/#primaryimage\"},\"image\":{\"@id\":\"https:\/\/midlifescapes.com\/fugas\/passeios-fotograficos\/#primaryimage\"},\"thumbnailUrl\":\"http:\/\/midlifescapes.com\/wp-content\/uploads\/2023\/04\/DSC_0754-alt-scaled.jpg\",\"datePublished\":\"2023-03-29T19:54:58+00:00\",\"dateModified\":\"2023-04-23T23:22:09+00:00\",\"description\":\"Nos passeios fotogr\u00e1ficos, convidamos-vos a viajar connosco atrav\u00e9s do olhar, a prestar aten\u00e7\u00e3o aos detalhes e instantes que muitas vezes passam despercebidos.\",\"breadcrumb\":{\"@id\":\"https:\/\/midlifescapes.com\/fugas\/passeios-fotograficos\/#breadcrumb\"},\"inLanguage\":\"en-GB\",\"potentialAction\":[{\"@type\":\"ReadAction\",\"target\":[\"https:\/\/midlifescapes.com\/fugas\/passeios-fotograficos\/\"]}]},{\"@type\":\"ImageObject\",\"inLanguage\":\"en-GB\",\"@id\":\"https:\/\/midlifescapes.com\/fugas\/passeios-fotograficos\/#primaryimage\",\"url\":\"http:\/\/midlifescapes.com\/wp-content\/uploads\/2023\/04\/DSC_0754-alt-scaled.jpg\",\"contentUrl\":\"http:\/\/midlifescapes.com\/wp-content\/uploads\/2023\/04\/DSC_0754-alt-scaled.jpg\"},{\"@type\":\"BreadcrumbList\",\"@id\":\"https:\/\/midlifescapes.com\/fugas\/passeios-fotograficos\/#breadcrumb\",\"itemListElement\":[{\"@type\":\"ListItem\",\"position\":1,\"name\":\"Home\",\"item\":\"https:\/\/midlifescapes.com\/\"},{\"@type\":\"ListItem\",\"position\":2,\"name\":\"Pequenas Fugas\",\"item\":\"https:\/\/midlifescapes.com\/fugas\/\"},{\"@type\":\"ListItem\",\"position\":3,\"name\":\"Passeios Fotogr\u00e1ficos\"}]},{\"@type\":\"WebSite\",\"@id\":\"https:\/\/midlifescapes.com\/#website\",\"url\":\"https:\/\/midlifescapes.com\/\",\"name\":\"Midlife Scapes\",\"description\":\"Travel Blog\",\"publisher\":{\"@id\":\"https:\/\/midlifescapes.com\/#organization\"},\"potentialAction\":[{\"@type\":\"SearchAction\",\"target\":{\"@type\":\"EntryPoint\",\"urlTemplate\":\"https:\/\/midlifescapes.com\/?s={search_term_string}\"},\"query-input\":{\"@type\":\"PropertyValueSpecification\",\"valueRequired\":true,\"valueName\":\"search_term_string\"}}],\"inLanguage\":\"en-GB\"},{\"@type\":\"Organization\",\"@id\":\"https:\/\/midlifescapes.com\/#organization\",\"name\":\"Midlife Scapes\",\"url\":\"https:\/\/midlifescapes.com\/\",\"logo\":{\"@type\":\"ImageObject\",\"inLanguage\":\"en-GB\",\"@id\":\"https:\/\/midlifescapes.com\/#\/schema\/logo\/image\/\",\"url\":\"http:\/\/midlifescapes.com\/wp-content\/uploads\/2023\/03\/cropped-cropped-Logo.png\",\"contentUrl\":\"http:\/\/midlifescapes.com\/wp-content\/uploads\/2023\/03\/cropped-cropped-Logo.png\",\"width\":512,\"height\":195,\"caption\":\"Midlife Scapes\"},\"image\":{\"@id\":\"https:\/\/midlifescapes.com\/#\/schema\/logo\/image\/\"},\"sameAs\":[\"https:\/\/www.facebook.com\/profile.php?id=100091307713467\",\"https:\/\/www.instagram.com\/midlife_scapes\/\"]}]}<\/script>\n<!-- \/ Yoast SEO plugin. -->","yoast_head_json":{"title":"Passeios Fotogr\u00e1ficos - Midlife Scapes","description":"Nos passeios fotogr\u00e1ficos, convidamos-vos a viajar connosco atrav\u00e9s do olhar, a prestar aten\u00e7\u00e3o aos detalhes e instantes que muitas vezes passam despercebidos.","robots":{"index":"index","follow":"follow","max-snippet":"max-snippet:-1","max-image-preview":"max-image-preview:large","max-video-preview":"max-video-preview:-1"},"canonical":"https:\/\/midlifescapes.com\/en\/fugas\/passeios-fotograficos\/","og_locale":"en_GB","og_type":"article","og_title":"Passeios Fotogr\u00e1ficos - Midlife Scapes","og_description":"Nos passeios fotogr\u00e1ficos, convidamos-vos a viajar connosco atrav\u00e9s do olhar, a prestar aten\u00e7\u00e3o aos detalhes e instantes que muitas vezes passam despercebidos.","og_url":"https:\/\/midlifescapes.com\/en\/fugas\/passeios-fotograficos\/","og_site_name":"Midlife Scapes","article_publisher":"https:\/\/www.facebook.com\/profile.php?id=100091307713467","article_modified_time":"2023-04-23T23:22:09+00:00","og_image":[{"url":"http:\/\/midlifescapes.com\/wp-content\/uploads\/2023\/04\/DSC_0754-alt-scaled.jpg","type":"","width":"","height":""}],"twitter_card":"summary_large_image","twitter_misc":{"Estimated reading time":"1 minute"},"schema":{"@context":"https:\/\/schema.org","@graph":[{"@type":"WebPage","@id":"https:\/\/midlifescapes.com\/fugas\/passeios-fotograficos\/","url":"https:\/\/midlifescapes.com\/fugas\/passeios-fotograficos\/","name":"Passeios Fotogr\u00e1ficos - Midlife Scapes","isPartOf":{"@id":"https:\/\/midlifescapes.com\/#website"},"primaryImageOfPage":{"@id":"https:\/\/midlifescapes.com\/fugas\/passeios-fotograficos\/#primaryimage"},"image":{"@id":"https:\/\/midlifescapes.com\/fugas\/passeios-fotograficos\/#primaryimage"},"thumbnailUrl":"http:\/\/midlifescapes.com\/wp-content\/uploads\/2023\/04\/DSC_0754-alt-scaled.jpg","datePublished":"2023-03-29T19:54:58+00:00","dateModified":"2023-04-23T23:22:09+00:00","description":"Nos passeios fotogr\u00e1ficos, convidamos-vos a viajar connosco atrav\u00e9s do olhar, a prestar aten\u00e7\u00e3o aos detalhes e instantes que muitas vezes passam despercebidos.","breadcrumb":{"@id":"https:\/\/midlifescapes.com\/fugas\/passeios-fotograficos\/#breadcrumb"},"inLanguage":"en-GB","potentialAction":[{"@type":"ReadAction","target":["https:\/\/midlifescapes.com\/fugas\/passeios-fotograficos\/"]}]},{"@type":"ImageObject","inLanguage":"en-GB","@id":"https:\/\/midlifescapes.com\/fugas\/passeios-fotograficos\/#primaryimage","url":"http:\/\/midlifescapes.com\/wp-content\/uploads\/2023\/04\/DSC_0754-alt-scaled.jpg","contentUrl":"http:\/\/midlifescapes.com\/wp-content\/uploads\/2023\/04\/DSC_0754-alt-scaled.jpg"},{"@type":"BreadcrumbList","@id":"https:\/\/midlifescapes.com\/fugas\/passeios-fotograficos\/#breadcrumb","itemListElement":[{"@type":"ListItem","position":1,"name":"Home","item":"https:\/\/midlifescapes.com\/"},{"@type":"ListItem","position":2,"name":"Pequenas Fugas","item":"https:\/\/midlifescapes.com\/fugas\/"},{"@type":"ListItem","position":3,"name":"Passeios Fotogr\u00e1ficos"}]},{"@type":"WebSite","@id":"https:\/\/midlifescapes.com\/#website","url":"https:\/\/midlifescapes.com\/","name":"Midlife Scapes","description":"Travel Blog","publisher":{"@id":"https:\/\/midlifescapes.com\/#organization"},"potentialAction":[{"@type":"SearchAction","target":{"@type":"EntryPoint","urlTemplate":"https:\/\/midlifescapes.com\/?s={search_term_string}"},"query-input":{"@type":"PropertyValueSpecification","valueRequired":true,"valueName":"search_term_string"}}],"inLanguage":"en-GB"},{"@type":"Organization","@id":"https:\/\/midlifescapes.com\/#organization","name":"Midlife Scapes","url":"https:\/\/midlifescapes.com\/","logo":{"@type":"ImageObject","inLanguage":"en-GB","@id":"https:\/\/midlifescapes.com\/#\/schema\/logo\/image\/","url":"http:\/\/midlifescapes.com\/wp-content\/uploads\/2023\/03\/cropped-cropped-Logo.png","contentUrl":"http:\/\/midlifescapes.com\/wp-content\/uploads\/2023\/03\/cropped-cropped-Logo.png","width":512,"height":195,"caption":"Midlife Scapes"},"image":{"@id":"https:\/\/midlifescapes.com\/#\/schema\/logo\/image\/"},"sameAs":["https:\/\/www.facebook.com\/profile.php?id=100091307713467","https:\/\/www.instagram.com\/midlife_scapes\/"]}]}},"_links":{"self":[{"href":"https:\/\/midlifescapes.com\/en\/wp-json\/wp\/v2\/pages\/828","targetHints":{"allow":["GET"]}}],"collection":[{"href":"https:\/\/midlifescapes.com\/en\/wp-json\/wp\/v2\/pages"}],"about":[{"href":"https:\/\/midlifescapes.com\/en\/wp-json\/wp\/v2\/types\/page"}],"author":[{"embeddable":true,"href":"https:\/\/midlifescapes.com\/en\/wp-json\/wp\/v2\/users\/1"}],"replies":[{"embeddable":true,"href":"https:\/\/midlifescapes.com\/en\/wp-json\/wp\/v2\/comments?post=828"}],"version-history":[{"count":0,"href":"https:\/\/midlifescapes.com\/en\/wp-json\/wp\/v2\/pages\/828\/revisions"}],"up":[{"embeddable":true,"href":"https:\/\/midlifescapes.com\/en\/wp-json\/wp\/v2\/pages\/589"}],"wp:attachment":[{"href":"https:\/\/midlifescapes.com\/en\/wp-json\/wp\/v2\/media?parent=828"}],"curies":[{"name":"wp","href":"https:\/\/api.w.org\/{rel}","templated":true}]}}