{"id":589,"date":"2023-03-26T23:05:22","date_gmt":"2023-03-26T23:05:22","guid":{"rendered":"http:\/\/midlifescapes.com\/?page_id=589"},"modified":"2023-04-10T22:40:51","modified_gmt":"2023-04-10T22:40:51","slug":"fugas","status":"publish","type":"page","link":"https:\/\/midlifescapes.com\/en\/fugas\/","title":{"rendered":"Short Scapes"},"content":{"rendered":"<div data-elementor-type=\"wp-page\" data-elementor-id=\"589\" class=\"elementor elementor-589\" data-elementor-post-type=\"page\">\n\t\t\t\t\t\t<section class=\"elementor-section elementor-top-section elementor-element elementor-element-b721293 elementor-section-full_width elementor-section-height-default elementor-section-height-default\" data-id=\"b721293\" data-element_type=\"section\" data-e-type=\"section\">\n\t\t\t\t\t\t<div class=\"elementor-container elementor-column-gap-default\">\n\t\t\t\t\t<div class=\"elementor-column elementor-col-100 elementor-top-column elementor-element elementor-element-90af284\" data-id=\"90af284\" data-element_type=\"column\" data-e-type=\"column\">\n\t\t\t<div class=\"elementor-widget-wrap elementor-element-populated\">\n\t\t\t\t\t\t<div class=\"elementor-element elementor-element-d1f41c0 elementor-widget elementor-widget-image\" data-id=\"d1f41c0\" data-element_type=\"widget\" data-e-type=\"widget\" data-widget_type=\"image.default\">\n\t\t\t\t<div class=\"elementor-widget-container\">\n\t\t\t\t\t\t\t\t\t\t\t\t\t\t\t<img fetchpriority=\"high\" decoding=\"async\" width=\"800\" height=\"369\" src=\"https:\/\/midlifescapes.com\/wp-content\/uploads\/2023\/04\/pequenas-fugas-1024x472.png\" class=\"attachment-large size-large wp-image-1983\" alt=\"\" srcset=\"https:\/\/midlifescapes.com\/wp-content\/uploads\/2023\/04\/pequenas-fugas-1024x472.png 1024w, https:\/\/midlifescapes.com\/wp-content\/uploads\/2023\/04\/pequenas-fugas-300x138.png 300w, https:\/\/midlifescapes.com\/wp-content\/uploads\/2023\/04\/pequenas-fugas-768x354.png 768w, https:\/\/midlifescapes.com\/wp-content\/uploads\/2023\/04\/pequenas-fugas-1536x708.png 1536w, https:\/\/midlifescapes.com\/wp-content\/uploads\/2023\/04\/pequenas-fugas-2048x944.png 2048w\" sizes=\"(max-width: 800px) 100vw, 800px\" \/>\t\t\t\t\t\t\t\t\t\t\t\t\t\t\t<\/div>\n\t\t\t\t<\/div>\n\t\t\t\t<div class=\"elementor-element elementor-element-9a80d6b elementor-widget elementor-widget-heading\" data-id=\"9a80d6b\" data-element_type=\"widget\" data-e-type=\"widget\" data-widget_type=\"heading.default\">\n\t\t\t\t<div class=\"elementor-widget-container\">\n\t\t\t\t\t<h2 class=\"elementor-heading-title elementor-size-default\">Short Scapes<\/h2>\t\t\t\t<\/div>\n\t\t\t\t<\/div>\n\t\t\t\t\t<\/div>\n\t\t<\/div>\n\t\t\t\t\t<\/div>\n\t\t<\/section>\n\t\t\t\t<section class=\"elementor-section elementor-top-section elementor-element elementor-element-1e7d874 elementor-section-boxed elementor-section-height-default elementor-section-height-default\" data-id=\"1e7d874\" data-element_type=\"section\" data-e-type=\"section\">\n\t\t\t\t\t\t<div class=\"elementor-container elementor-column-gap-default\">\n\t\t\t\t\t<div class=\"elementor-column elementor-col-100 elementor-top-column elementor-element elementor-element-54de6a9\" data-id=\"54de6a9\" data-element_type=\"column\" data-e-type=\"column\">\n\t\t\t<div class=\"elementor-widget-wrap elementor-element-populated\">\n\t\t\t\t\t\t<div class=\"elementor-element elementor-element-ee51efa elementor-widget elementor-widget-heading\" data-id=\"ee51efa\" data-element_type=\"widget\" data-e-type=\"widget\" data-widget_type=\"heading.default\">\n\t\t\t\t<div class=\"elementor-widget-container\">\n\t\t\t\t\t<h2 class=\"elementor-heading-title elementor-size-default\">Small getaways to break the routine<\/h2>\t\t\t\t<\/div>\n\t\t\t\t<\/div>\n\t\t\t\t<div class=\"elementor-element elementor-element-136742c elementor-widget elementor-widget-text-editor\" data-id=\"136742c\" data-element_type=\"widget\" data-e-type=\"widget\" data-widget_type=\"text-editor.default\">\n\t\t\t\t<div class=\"elementor-widget-container\">\n\t\t\t\t\t\t\t\t\t<p style=\"font-weight: 400;\">In our small getaways, we have two different proposals: one is dedicated to photo walks, where we seek to capture the beauty that often goes unnoticed by our eyes, and the other is reserved for perfect breaks, moments of disconnection from routine and contemplation of the small natural beauties that surround us.<\/p><p style=\"font-weight: 400;\">Here, we invite you to be tourists in your own home, to rediscover places and allow yourself to breathe slowly, to appreciate the details and record every moment.<\/p><p style=\"font-weight: 400;\">No matter if you prefer a photo tour or a break to rest, here you will find inspiration to explore the natural beauties that we come across every day and travel within our homes. Come with us on this adventure of discovery!<\/p>\t\t\t\t\t\t\t\t<\/div>\n\t\t\t\t<\/div>\n\t\t\t\t\t<\/div>\n\t\t<\/div>\n\t\t\t\t\t<\/div>\n\t\t<\/section>\n\t\t\t\t<section class=\"elementor-section elementor-top-section elementor-element elementor-element-e8f5249 elementor-section-boxed elementor-section-height-default elementor-section-height-default\" data-id=\"e8f5249\" data-element_type=\"section\" data-e-type=\"section\">\n\t\t\t\t\t\t<div class=\"elementor-container elementor-column-gap-default\">\n\t\t\t\t\t<div class=\"elementor-column elementor-col-50 elementor-top-column elementor-element elementor-element-6716168\" data-id=\"6716168\" data-element_type=\"column\" data-e-type=\"column\" data-settings=\"{&quot;background_background&quot;:&quot;classic&quot;}\">\n\t\t\t<div class=\"elementor-widget-wrap elementor-element-populated\">\n\t\t\t\t\t\t<div class=\"elementor-element elementor-element-890978c elementor-widget elementor-widget-image\" data-id=\"890978c\" data-element_type=\"widget\" data-e-type=\"widget\" data-widget_type=\"image.default\">\n\t\t\t\t<div class=\"elementor-widget-container\">\n\t\t\t\t\t\t\t\t\t\t\t\t\t\t\t<img decoding=\"async\" width=\"640\" height=\"540\" src=\"https:\/\/midlifescapes.com\/wp-content\/uploads\/2023\/03\/fotos-e1679869432312.jpg\" class=\"attachment-full size-full wp-image-537\" alt=\"\" srcset=\"https:\/\/midlifescapes.com\/wp-content\/uploads\/2023\/03\/fotos-e1679869432312.jpg 640w, https:\/\/midlifescapes.com\/wp-content\/uploads\/2023\/03\/fotos-e1679869432312-300x253.jpg 300w\" sizes=\"(max-width: 640px) 100vw, 640px\" \/>\t\t\t\t\t\t\t\t\t\t\t\t\t\t\t<\/div>\n\t\t\t\t<\/div>\n\t\t\t\t<div class=\"elementor-element elementor-element-d22632a elementor-widget elementor-widget-heading\" data-id=\"d22632a\" data-element_type=\"widget\" data-e-type=\"widget\" data-widget_type=\"heading.default\">\n\t\t\t\t<div class=\"elementor-widget-container\">\n\t\t\t\t\t<h2 class=\"elementor-heading-title elementor-size-default\">Photo Tours<\/h2>\t\t\t\t<\/div>\n\t\t\t\t<\/div>\n\t\t\t\t<div class=\"elementor-element elementor-element-21c6f3b elementor-align-center elementor-widget elementor-widget-button\" data-id=\"21c6f3b\" data-element_type=\"widget\" data-e-type=\"widget\" data-widget_type=\"button.default\">\n\t\t\t\t<div class=\"elementor-widget-container\">\n\t\t\t\t\t\t\t\t\t<div class=\"elementor-button-wrapper\">\n\t\t\t\t\t<a class=\"elementor-button elementor-button-link elementor-size-xs\" href=\"http:\/\/midlifescapes.com\/en\/fugas\/passeios-fotograficos\/\">\n\t\t\t\t\t\t<span class=\"elementor-button-content-wrapper\">\n\t\t\t\t\t\t\t\t\t<span class=\"elementor-button-text\">Explore<\/span>\n\t\t\t\t\t<\/span>\n\t\t\t\t\t<\/a>\n\t\t\t\t<\/div>\n\t\t\t\t\t\t\t\t<\/div>\n\t\t\t\t<\/div>\n\t\t\t\t\t<\/div>\n\t\t<\/div>\n\t\t\t\t<div class=\"elementor-column elementor-col-50 elementor-top-column elementor-element elementor-element-f6314b6\" data-id=\"f6314b6\" data-element_type=\"column\" data-e-type=\"column\" data-settings=\"{&quot;background_background&quot;:&quot;classic&quot;}\">\n\t\t\t<div class=\"elementor-widget-wrap elementor-element-populated\">\n\t\t\t\t\t\t<div class=\"elementor-element elementor-element-dc5b3d7 elementor-widget elementor-widget-image\" data-id=\"dc5b3d7\" data-element_type=\"widget\" data-e-type=\"widget\" data-widget_type=\"image.default\">\n\t\t\t\t<div class=\"elementor-widget-container\">\n\t\t\t\t\t\t\t\t\t\t\t\t\t\t\t<img decoding=\"async\" src=\"https:\/\/midlifescapes.com\/wp-content\/uploads\/elementor\/thumbs\/pausas-perfeitas1-q4ooauxfceb44yse2p1gf171e3a8vt8ad36df6ql2w.png\" title=\"pausas perfeitas1\" alt=\"pausas perfeitas1\" loading=\"lazy\" \/>\t\t\t\t\t\t\t\t\t\t\t\t\t\t\t<\/div>\n\t\t\t\t<\/div>\n\t\t\t\t<div class=\"elementor-element elementor-element-33e68e1 elementor-widget elementor-widget-heading\" data-id=\"33e68e1\" data-element_type=\"widget\" data-e-type=\"widget\" data-widget_type=\"heading.default\">\n\t\t\t\t<div class=\"elementor-widget-container\">\n\t\t\t\t\t<h2 class=\"elementor-heading-title elementor-size-default\">Perfect Breaks<\/h2>\t\t\t\t<\/div>\n\t\t\t\t<\/div>\n\t\t\t\t<div class=\"elementor-element elementor-element-4e0942c elementor-align-center elementor-widget elementor-widget-button\" data-id=\"4e0942c\" data-element_type=\"widget\" data-e-type=\"widget\" data-widget_type=\"button.default\">\n\t\t\t\t<div class=\"elementor-widget-container\">\n\t\t\t\t\t\t\t\t\t<div class=\"elementor-button-wrapper\">\n\t\t\t\t\t<a class=\"elementor-button elementor-button-link elementor-size-xs\" href=\"http:\/\/midlifescapes.com\/en\/fugas\/galeria-fotografica\/\">\n\t\t\t\t\t\t<span class=\"elementor-button-content-wrapper\">\n\t\t\t\t\t\t\t\t\t<span class=\"elementor-button-text\">Explore<\/span>\n\t\t\t\t\t<\/span>\n\t\t\t\t\t<\/a>\n\t\t\t\t<\/div>\n\t\t\t\t\t\t\t\t<\/div>\n\t\t\t\t<\/div>\n\t\t\t\t\t<\/div>\n\t\t<\/div>\n\t\t\t\t\t<\/div>\n\t\t<\/section>\n\t\t\t\t<\/div>","protected":false},"excerpt":{"rendered":"<p>Pequenas Fugas Pequenas fugas para sair da rotina Nas nossas pequenas fugas, temos duas propostas diferentes: uma \u00e9 dedicada aos passeios fotogr\u00e1ficos, onde procuramos capturar a beleza que muitas vezes passa despercebida aos nossos olhos, e a outra \u00e9 reservada \u00e0s pausas perfeitas, momentos de desconex\u00e3o da rotina e contempla\u00e7\u00e3o das pequenas belezas naturais que [&hellip;]<\/p>\n","protected":false},"author":1,"featured_media":0,"parent":0,"menu_order":0,"comment_status":"closed","ping_status":"closed","template":"","meta":{"_mo_disable_npp":"","_monsterinsights_skip_tracking":false,"_monsterinsights_sitenote_active":false,"_monsterinsights_sitenote_note":"","_monsterinsights_sitenote_category":0,"footnotes":""},"class_list":["post-589","page","type-page","status-publish","hentry"],"yoast_head":"<!-- This site is optimized with the Yoast SEO plugin v27.4 - https:\/\/yoast.com\/product\/yoast-seo-wordpress\/ -->\n<title>Pequenas Fugas - Midlife Scapes<\/title>\n<meta name=\"description\" content=\"Nas nossas pequenas fugas, temos duas propostas diferentes: uma \u00e9 dedicada aos passeios fotogr\u00e1ficos, onde procuramos capturar a beleza que muitas vezes passa despercebida aos nossos olhos, e a outra \u00e9 reservada \u00e0s pausas perfeitas, momentos de desconex\u00e3o da rotina e contempla\u00e7\u00e3o das pequenas belezas naturais que nos rodeiam.\" \/>\n<meta name=\"robots\" content=\"index, follow, max-snippet:-1, max-image-preview:large, max-video-preview:-1\" \/>\n<link rel=\"canonical\" href=\"https:\/\/midlifescapes.com\/en\/fugas\/\" \/>\n<meta property=\"og:locale\" content=\"en_GB\" \/>\n<meta property=\"og:type\" content=\"article\" \/>\n<meta property=\"og:title\" content=\"Pequenas Fugas - Midlife Scapes\" \/>\n<meta property=\"og:description\" content=\"Nas nossas pequenas fugas, temos duas propostas diferentes: uma \u00e9 dedicada aos passeios fotogr\u00e1ficos, onde procuramos capturar a beleza que muitas vezes passa despercebida aos nossos olhos, e a outra \u00e9 reservada \u00e0s pausas perfeitas, momentos de desconex\u00e3o da rotina e contempla\u00e7\u00e3o das pequenas belezas naturais que nos rodeiam.\" \/>\n<meta property=\"og:url\" content=\"https:\/\/midlifescapes.com\/en\/fugas\/\" \/>\n<meta property=\"og:site_name\" content=\"Midlife Scapes\" \/>\n<meta property=\"article:publisher\" content=\"https:\/\/www.facebook.com\/profile.php?id=100091307713467\" \/>\n<meta property=\"article:modified_time\" content=\"2023-04-10T22:40:51+00:00\" \/>\n<meta property=\"og:image\" content=\"http:\/\/midlifescapes.com\/wp-content\/uploads\/2023\/04\/pequenas-fugas-1024x472.png\" \/>\n<meta name=\"twitter:card\" content=\"summary_large_image\" \/>\n<meta name=\"twitter:label1\" content=\"Estimated reading time\" \/>\n\t<meta name=\"twitter:data1\" content=\"2 minutes\" \/>\n<script type=\"application\/ld+json\" class=\"yoast-schema-graph\">{\"@context\":\"https:\\\/\\\/schema.org\",\"@graph\":[{\"@type\":\"WebPage\",\"@id\":\"https:\\\/\\\/midlifescapes.com\\\/fugas\\\/\",\"url\":\"https:\\\/\\\/midlifescapes.com\\\/fugas\\\/\",\"name\":\"Pequenas Fugas - Midlife Scapes\",\"isPartOf\":{\"@id\":\"https:\\\/\\\/midlifescapes.com\\\/#website\"},\"primaryImageOfPage\":{\"@id\":\"https:\\\/\\\/midlifescapes.com\\\/fugas\\\/#primaryimage\"},\"image\":{\"@id\":\"https:\\\/\\\/midlifescapes.com\\\/fugas\\\/#primaryimage\"},\"thumbnailUrl\":\"http:\\\/\\\/midlifescapes.com\\\/wp-content\\\/uploads\\\/2023\\\/04\\\/pequenas-fugas-1024x472.png\",\"datePublished\":\"2023-03-26T23:05:22+00:00\",\"dateModified\":\"2023-04-10T22:40:51+00:00\",\"description\":\"Nas nossas pequenas fugas, temos duas propostas diferentes: uma \u00e9 dedicada aos passeios fotogr\u00e1ficos, onde procuramos capturar a beleza que muitas vezes passa despercebida aos nossos olhos, e a outra \u00e9 reservada \u00e0s pausas perfeitas, momentos de desconex\u00e3o da rotina e contempla\u00e7\u00e3o das pequenas belezas naturais que nos rodeiam.\",\"breadcrumb\":{\"@id\":\"https:\\\/\\\/midlifescapes.com\\\/fugas\\\/#breadcrumb\"},\"inLanguage\":\"en-GB\",\"potentialAction\":[{\"@type\":\"ReadAction\",\"target\":[\"https:\\\/\\\/midlifescapes.com\\\/fugas\\\/\"]}]},{\"@type\":\"ImageObject\",\"inLanguage\":\"en-GB\",\"@id\":\"https:\\\/\\\/midlifescapes.com\\\/fugas\\\/#primaryimage\",\"url\":\"http:\\\/\\\/midlifescapes.com\\\/wp-content\\\/uploads\\\/2023\\\/04\\\/pequenas-fugas-1024x472.png\",\"contentUrl\":\"http:\\\/\\\/midlifescapes.com\\\/wp-content\\\/uploads\\\/2023\\\/04\\\/pequenas-fugas-1024x472.png\"},{\"@type\":\"BreadcrumbList\",\"@id\":\"https:\\\/\\\/midlifescapes.com\\\/fugas\\\/#breadcrumb\",\"itemListElement\":[{\"@type\":\"ListItem\",\"position\":1,\"name\":\"Home\",\"item\":\"https:\\\/\\\/midlifescapes.com\\\/\"},{\"@type\":\"ListItem\",\"position\":2,\"name\":\"Pequenas Fugas\"}]},{\"@type\":\"WebSite\",\"@id\":\"https:\\\/\\\/midlifescapes.com\\\/#website\",\"url\":\"https:\\\/\\\/midlifescapes.com\\\/\",\"name\":\"Midlife Scapes\",\"description\":\"Travel Blog\",\"publisher\":{\"@id\":\"https:\\\/\\\/midlifescapes.com\\\/#organization\"},\"potentialAction\":[{\"@type\":\"SearchAction\",\"target\":{\"@type\":\"EntryPoint\",\"urlTemplate\":\"https:\\\/\\\/midlifescapes.com\\\/?s={search_term_string}\"},\"query-input\":{\"@type\":\"PropertyValueSpecification\",\"valueRequired\":true,\"valueName\":\"search_term_string\"}}],\"inLanguage\":\"en-GB\"},{\"@type\":\"Organization\",\"@id\":\"https:\\\/\\\/midlifescapes.com\\\/#organization\",\"name\":\"Midlife Scapes\",\"url\":\"https:\\\/\\\/midlifescapes.com\\\/\",\"logo\":{\"@type\":\"ImageObject\",\"inLanguage\":\"en-GB\",\"@id\":\"https:\\\/\\\/midlifescapes.com\\\/#\\\/schema\\\/logo\\\/image\\\/\",\"url\":\"http:\\\/\\\/midlifescapes.com\\\/wp-content\\\/uploads\\\/2023\\\/03\\\/cropped-cropped-Logo.png\",\"contentUrl\":\"http:\\\/\\\/midlifescapes.com\\\/wp-content\\\/uploads\\\/2023\\\/03\\\/cropped-cropped-Logo.png\",\"width\":512,\"height\":195,\"caption\":\"Midlife Scapes\"},\"image\":{\"@id\":\"https:\\\/\\\/midlifescapes.com\\\/#\\\/schema\\\/logo\\\/image\\\/\"},\"sameAs\":[\"https:\\\/\\\/www.facebook.com\\\/profile.php?id=100091307713467\",\"https:\\\/\\\/www.instagram.com\\\/midlife_scapes\\\/\"]}]}<\/script>\n<!-- \/ Yoast SEO plugin. -->","yoast_head_json":{"title":"Pequenas Fugas - Midlife Scapes","description":"In our small getaways, we have two different proposals: one is dedicated to photo walks, where we seek to capture the beauty that often goes unnoticed by our eyes, and the other is reserved for perfect breaks, moments of disconnection from routine and contemplation of the small natural beauties that surround us.","robots":{"index":"index","follow":"follow","max-snippet":"max-snippet:-1","max-image-preview":"max-image-preview:large","max-video-preview":"max-video-preview:-1"},"canonical":"https:\/\/midlifescapes.com\/en\/fugas\/","og_locale":"en_GB","og_type":"article","og_title":"Pequenas Fugas - Midlife Scapes","og_description":"Nas nossas pequenas fugas, temos duas propostas diferentes: uma \u00e9 dedicada aos passeios fotogr\u00e1ficos, onde procuramos capturar a beleza que muitas vezes passa despercebida aos nossos olhos, e a outra \u00e9 reservada \u00e0s pausas perfeitas, momentos de desconex\u00e3o da rotina e contempla\u00e7\u00e3o das pequenas belezas naturais que nos rodeiam.","og_url":"https:\/\/midlifescapes.com\/en\/fugas\/","og_site_name":"Midlife Scapes","article_publisher":"https:\/\/www.facebook.com\/profile.php?id=100091307713467","article_modified_time":"2023-04-10T22:40:51+00:00","og_image":[{"url":"http:\/\/midlifescapes.com\/wp-content\/uploads\/2023\/04\/pequenas-fugas-1024x472.png","type":"","width":"","height":""}],"twitter_card":"summary_large_image","twitter_misc":{"Estimated reading time":"2 minutes"},"schema":{"@context":"https:\/\/schema.org","@graph":[{"@type":"WebPage","@id":"https:\/\/midlifescapes.com\/fugas\/","url":"https:\/\/midlifescapes.com\/fugas\/","name":"Pequenas Fugas - Midlife Scapes","isPartOf":{"@id":"https:\/\/midlifescapes.com\/#website"},"primaryImageOfPage":{"@id":"https:\/\/midlifescapes.com\/fugas\/#primaryimage"},"image":{"@id":"https:\/\/midlifescapes.com\/fugas\/#primaryimage"},"thumbnailUrl":"http:\/\/midlifescapes.com\/wp-content\/uploads\/2023\/04\/pequenas-fugas-1024x472.png","datePublished":"2023-03-26T23:05:22+00:00","dateModified":"2023-04-10T22:40:51+00:00","description":"In our small getaways, we have two different proposals: one is dedicated to photo walks, where we seek to capture the beauty that often goes unnoticed by our eyes, and the other is reserved for perfect breaks, moments of disconnection from routine and contemplation of the small natural beauties that surround us.","breadcrumb":{"@id":"https:\/\/midlifescapes.com\/fugas\/#breadcrumb"},"inLanguage":"en-GB","potentialAction":[{"@type":"ReadAction","target":["https:\/\/midlifescapes.com\/fugas\/"]}]},{"@type":"ImageObject","inLanguage":"en-GB","@id":"https:\/\/midlifescapes.com\/fugas\/#primaryimage","url":"http:\/\/midlifescapes.com\/wp-content\/uploads\/2023\/04\/pequenas-fugas-1024x472.png","contentUrl":"http:\/\/midlifescapes.com\/wp-content\/uploads\/2023\/04\/pequenas-fugas-1024x472.png"},{"@type":"BreadcrumbList","@id":"https:\/\/midlifescapes.com\/fugas\/#breadcrumb","itemListElement":[{"@type":"ListItem","position":1,"name":"Home","item":"https:\/\/midlifescapes.com\/"},{"@type":"ListItem","position":2,"name":"Pequenas Fugas"}]},{"@type":"WebSite","@id":"https:\/\/midlifescapes.com\/#website","url":"https:\/\/midlifescapes.com\/","name":"Midlife Scapes","description":"Travel Blog","publisher":{"@id":"https:\/\/midlifescapes.com\/#organization"},"potentialAction":[{"@type":"SearchAction","target":{"@type":"EntryPoint","urlTemplate":"https:\/\/midlifescapes.com\/?s={search_term_string}"},"query-input":{"@type":"PropertyValueSpecification","valueRequired":true,"valueName":"search_term_string"}}],"inLanguage":"en-GB"},{"@type":"Organization","@id":"https:\/\/midlifescapes.com\/#organization","name":"Midlife Scapes","url":"https:\/\/midlifescapes.com\/","logo":{"@type":"ImageObject","inLanguage":"en-GB","@id":"https:\/\/midlifescapes.com\/#\/schema\/logo\/image\/","url":"http:\/\/midlifescapes.com\/wp-content\/uploads\/2023\/03\/cropped-cropped-Logo.png","contentUrl":"http:\/\/midlifescapes.com\/wp-content\/uploads\/2023\/03\/cropped-cropped-Logo.png","width":512,"height":195,"caption":"Midlife Scapes"},"image":{"@id":"https:\/\/midlifescapes.com\/#\/schema\/logo\/image\/"},"sameAs":["https:\/\/www.facebook.com\/profile.php?id=100091307713467","https:\/\/www.instagram.com\/midlife_scapes\/"]}]}},"_links":{"self":[{"href":"https:\/\/midlifescapes.com\/en\/wp-json\/wp\/v2\/pages\/589","targetHints":{"allow":["GET"]}}],"collection":[{"href":"https:\/\/midlifescapes.com\/en\/wp-json\/wp\/v2\/pages"}],"about":[{"href":"https:\/\/midlifescapes.com\/en\/wp-json\/wp\/v2\/types\/page"}],"author":[{"embeddable":true,"href":"https:\/\/midlifescapes.com\/en\/wp-json\/wp\/v2\/users\/1"}],"replies":[{"embeddable":true,"href":"https:\/\/midlifescapes.com\/en\/wp-json\/wp\/v2\/comments?post=589"}],"version-history":[{"count":0,"href":"https:\/\/midlifescapes.com\/en\/wp-json\/wp\/v2\/pages\/589\/revisions"}],"wp:attachment":[{"href":"https:\/\/midlifescapes.com\/en\/wp-json\/wp\/v2\/media?parent=589"}],"curies":[{"name":"wp","href":"https:\/\/api.w.org\/{rel}","templated":true}]}}