{"id":587,"date":"2023-03-26T23:04:38","date_gmt":"2023-03-26T23:04:38","guid":{"rendered":"http:\/\/midlifescapes.com\/?page_id=587"},"modified":"2023-04-24T22:53:18","modified_gmt":"2023-04-24T22:53:18","slug":"galeria-fotografica","status":"publish","type":"page","link":"https:\/\/midlifescapes.com\/en\/fugas\/galeria-fotografica\/","title":{"rendered":"Perfect Breaks"},"content":{"rendered":"<div data-elementor-type=\"wp-page\" data-elementor-id=\"587\" class=\"elementor elementor-587\" data-elementor-post-type=\"page\">\n\t\t\t\t\t\t<section class=\"elementor-section elementor-top-section elementor-element elementor-element-802f785 elementor-section-full_width elementor-section-height-default elementor-section-height-default\" data-id=\"802f785\" data-element_type=\"section\" data-e-type=\"section\">\n\t\t\t\t\t\t<div class=\"elementor-container elementor-column-gap-default\">\n\t\t\t\t\t<div class=\"elementor-column elementor-col-100 elementor-top-column elementor-element elementor-element-f43e37f\" data-id=\"f43e37f\" data-element_type=\"column\" data-e-type=\"column\">\n\t\t\t<div class=\"elementor-widget-wrap elementor-element-populated\">\n\t\t\t\t\t\t<div class=\"elementor-element elementor-element-1b7c624 elementor-widget elementor-widget-image\" data-id=\"1b7c624\" data-element_type=\"widget\" data-e-type=\"widget\" data-widget_type=\"image.default\">\n\t\t\t\t<div class=\"elementor-widget-container\">\n\t\t\t\t\t\t\t\t\t\t\t\t\t\t\t<img fetchpriority=\"high\" decoding=\"async\" width=\"2725\" height=\"1157\" src=\"https:\/\/midlifescapes.com\/wp-content\/uploads\/2023\/04\/pausas4.png\" class=\"attachment-full size-full wp-image-2138\" alt=\"\" srcset=\"https:\/\/midlifescapes.com\/wp-content\/uploads\/2023\/04\/pausas4.png 2725w, https:\/\/midlifescapes.com\/wp-content\/uploads\/2023\/04\/pausas4-300x127.png 300w, https:\/\/midlifescapes.com\/wp-content\/uploads\/2023\/04\/pausas4-1024x435.png 1024w, https:\/\/midlifescapes.com\/wp-content\/uploads\/2023\/04\/pausas4-768x326.png 768w, https:\/\/midlifescapes.com\/wp-content\/uploads\/2023\/04\/pausas4-1536x652.png 1536w, https:\/\/midlifescapes.com\/wp-content\/uploads\/2023\/04\/pausas4-2048x870.png 2048w\" sizes=\"(max-width: 2725px) 100vw, 2725px\" \/>\t\t\t\t\t\t\t\t\t\t\t\t\t\t\t<\/div>\n\t\t\t\t<\/div>\n\t\t\t\t<div class=\"elementor-element elementor-element-0f70842 elementor-widget elementor-widget-heading\" data-id=\"0f70842\" data-element_type=\"widget\" data-e-type=\"widget\" data-widget_type=\"heading.default\">\n\t\t\t\t<div class=\"elementor-widget-container\">\n\t\t\t\t\t<h2 class=\"elementor-heading-title elementor-size-default\">Perfect Breaks<\/h2>\t\t\t\t<\/div>\n\t\t\t\t<\/div>\n\t\t\t\t\t<\/div>\n\t\t<\/div>\n\t\t\t\t\t<\/div>\n\t\t<\/section>\n\t\t\t\t<section class=\"elementor-section elementor-top-section elementor-element elementor-element-e712adf elementor-section-boxed elementor-section-height-default elementor-section-height-default\" data-id=\"e712adf\" data-element_type=\"section\" data-e-type=\"section\">\n\t\t\t\t\t\t<div class=\"elementor-container elementor-column-gap-default\">\n\t\t\t\t\t<div class=\"elementor-column elementor-col-100 elementor-top-column elementor-element elementor-element-c2b2b36\" data-id=\"c2b2b36\" data-element_type=\"column\" data-e-type=\"column\">\n\t\t\t<div class=\"elementor-widget-wrap elementor-element-populated\">\n\t\t\t\t\t\t<div class=\"elementor-element elementor-element-fe9ecad elementor-widget elementor-widget-heading\" data-id=\"fe9ecad\" data-element_type=\"widget\" data-e-type=\"widget\" data-widget_type=\"heading.default\">\n\t\t\t\t<div class=\"elementor-widget-container\">\n\t\t\t\t\t<h2 class=\"elementor-heading-title elementor-size-default\">Slower pace...<\/h2>\t\t\t\t<\/div>\n\t\t\t\t<\/div>\n\t\t\t\t<div class=\"elementor-element elementor-element-1c773ce elementor-widget elementor-widget-text-editor\" data-id=\"1c773ce\" data-element_type=\"widget\" data-e-type=\"widget\" data-widget_type=\"text-editor.default\">\n\t\t\t\t<div class=\"elementor-widget-container\">\n\t\t\t\t\t\t\t\t\t<p>\u00c0s vezes, tudo o que precisamos \u00e9 de uma pausa para respirar e descansar.<\/p><p>Here we will share suggestions for those who want to escape the routine and find ways to relax. Whether it's enjoying a quiet afternoon in a park, taking a hike in a nature reserve, or exploring a neighborhood in the city, these tours provide an opportunity to rediscover familiar places or discover new hidden gems in nearby or not-so-distant destinations.<\/p><p>\u00a0Enjoy every moment and let yourself be carried away by the tranquility of these invigorating breaks.<\/p>\t\t\t\t\t\t\t\t<\/div>\n\t\t\t\t<\/div>\n\t\t\t\t\t<\/div>\n\t\t<\/div>\n\t\t\t\t\t<\/div>\n\t\t<\/section>\n\t\t\t\t<section class=\"elementor-section elementor-top-section elementor-element elementor-element-91b4931 elementor-section-boxed elementor-section-height-default elementor-section-height-default\" data-id=\"91b4931\" data-element_type=\"section\" data-e-type=\"section\">\n\t\t\t\t\t\t<div class=\"elementor-container elementor-column-gap-default\">\n\t\t\t\t\t<div class=\"elementor-column elementor-col-100 elementor-top-column elementor-element elementor-element-33b4614\" data-id=\"33b4614\" data-element_type=\"column\" data-e-type=\"column\">\n\t\t\t<div class=\"elementor-widget-wrap elementor-element-populated\">\n\t\t\t\t\t\t<div class=\"elementor-element elementor-element-149bd7c elementor-widget elementor-widget-heading\" data-id=\"149bd7c\" data-element_type=\"widget\" data-e-type=\"widget\" data-widget_type=\"heading.default\">\n\t\t\t\t<div class=\"elementor-widget-container\">\n\t\t\t\t\t<h2 class=\"elementor-heading-title elementor-size-default\">Soon we will share our perfect breaks!<\/h2>\t\t\t\t<\/div>\n\t\t\t\t<\/div>\n\t\t\t\t\t<\/div>\n\t\t<\/div>\n\t\t\t\t\t<\/div>\n\t\t<\/section>\n\t\t\t\t<\/div>","protected":false},"excerpt":{"rendered":"<p>Pausas Perfeitas Ritmos mais tranquilos&#8230; \u00c0s vezes, tudo o que precisamos \u00e9 de uma pausa para respirar e descansar. Aqui vamos partilhar sugest\u00f5es para quem deseja fugir da rotina e encontrar formas de relaxamento. Seja a desfrutar de uma tarde tranquila num um parque, fazer uma caminhada numa uma reserva natural ou explorar um bairro [&hellip;]<\/p>\n","protected":false},"author":1,"featured_media":0,"parent":589,"menu_order":0,"comment_status":"closed","ping_status":"closed","template":"","meta":{"_mo_disable_npp":"","_monsterinsights_skip_tracking":false,"_monsterinsights_sitenote_active":false,"_monsterinsights_sitenote_note":"","_monsterinsights_sitenote_category":0,"footnotes":""},"class_list":["post-587","page","type-page","status-publish","hentry"],"yoast_head":"<!-- This site is optimized with the Yoast SEO plugin v27.1.1 - https:\/\/yoast.com\/product\/yoast-seo-wordpress\/ -->\n<title>Pausas Perfeitas - Midlife Scapes<\/title>\n<meta name=\"description\" content=\"Aqui vamos partilhar sugest\u00f5es para quem deseja fugir da rotina e encontrar formas de relaxamento. Seja a desfrutar de uma tarde tranquila num um parque, fazer uma caminhada numa uma reserva natural ou explorar um bairro na cidade, estes passeios proporcionam a oportunidade de redescobrir lugares conhecidos ou descobrir novos tesouros escondidos em destinos pr\u00f3ximos ou n\u00e3o t\u00e3o distantes.\" \/>\n<meta name=\"robots\" content=\"index, follow, max-snippet:-1, max-image-preview:large, max-video-preview:-1\" \/>\n<link rel=\"canonical\" href=\"https:\/\/midlifescapes.com\/en\/fugas\/galeria-fotografica\/\" \/>\n<meta property=\"og:locale\" content=\"en_GB\" \/>\n<meta property=\"og:type\" content=\"article\" \/>\n<meta property=\"og:title\" content=\"Pausas Perfeitas - Midlife Scapes\" \/>\n<meta property=\"og:description\" content=\"Aqui vamos partilhar sugest\u00f5es para quem deseja fugir da rotina e encontrar formas de relaxamento. Seja a desfrutar de uma tarde tranquila num um parque, fazer uma caminhada numa uma reserva natural ou explorar um bairro na cidade, estes passeios proporcionam a oportunidade de redescobrir lugares conhecidos ou descobrir novos tesouros escondidos em destinos pr\u00f3ximos ou n\u00e3o t\u00e3o distantes.\" \/>\n<meta property=\"og:url\" content=\"https:\/\/midlifescapes.com\/en\/fugas\/galeria-fotografica\/\" \/>\n<meta property=\"og:site_name\" content=\"Midlife Scapes\" \/>\n<meta property=\"article:publisher\" content=\"https:\/\/www.facebook.com\/profile.php?id=100091307713467\" \/>\n<meta property=\"article:modified_time\" content=\"2023-04-24T22:53:18+00:00\" \/>\n<meta property=\"og:image\" content=\"http:\/\/midlifescapes.com\/wp-content\/uploads\/2023\/04\/pausas4.png\" \/>\n<meta name=\"twitter:card\" content=\"summary_large_image\" \/>\n<meta name=\"twitter:label1\" content=\"Estimated reading time\" \/>\n\t<meta name=\"twitter:data1\" content=\"1 minute\" \/>\n<script type=\"application\/ld+json\" class=\"yoast-schema-graph\">{\"@context\":\"https:\/\/schema.org\",\"@graph\":[{\"@type\":\"WebPage\",\"@id\":\"https:\/\/midlifescapes.com\/fugas\/galeria-fotografica\/\",\"url\":\"https:\/\/midlifescapes.com\/fugas\/galeria-fotografica\/\",\"name\":\"Pausas Perfeitas - Midlife Scapes\",\"isPartOf\":{\"@id\":\"https:\/\/midlifescapes.com\/#website\"},\"primaryImageOfPage\":{\"@id\":\"https:\/\/midlifescapes.com\/fugas\/galeria-fotografica\/#primaryimage\"},\"image\":{\"@id\":\"https:\/\/midlifescapes.com\/fugas\/galeria-fotografica\/#primaryimage\"},\"thumbnailUrl\":\"http:\/\/midlifescapes.com\/wp-content\/uploads\/2023\/04\/pausas4.png\",\"datePublished\":\"2023-03-26T23:04:38+00:00\",\"dateModified\":\"2023-04-24T22:53:18+00:00\",\"description\":\"Aqui vamos partilhar sugest\u00f5es para quem deseja fugir da rotina e encontrar formas de relaxamento. Seja a desfrutar de uma tarde tranquila num um parque, fazer uma caminhada numa uma reserva natural ou explorar um bairro na cidade, estes passeios proporcionam a oportunidade de redescobrir lugares conhecidos ou descobrir novos tesouros escondidos em destinos pr\u00f3ximos ou n\u00e3o t\u00e3o distantes.\",\"breadcrumb\":{\"@id\":\"https:\/\/midlifescapes.com\/fugas\/galeria-fotografica\/#breadcrumb\"},\"inLanguage\":\"en-GB\",\"potentialAction\":[{\"@type\":\"ReadAction\",\"target\":[\"https:\/\/midlifescapes.com\/fugas\/galeria-fotografica\/\"]}]},{\"@type\":\"ImageObject\",\"inLanguage\":\"en-GB\",\"@id\":\"https:\/\/midlifescapes.com\/fugas\/galeria-fotografica\/#primaryimage\",\"url\":\"http:\/\/midlifescapes.com\/wp-content\/uploads\/2023\/04\/pausas4.png\",\"contentUrl\":\"http:\/\/midlifescapes.com\/wp-content\/uploads\/2023\/04\/pausas4.png\"},{\"@type\":\"BreadcrumbList\",\"@id\":\"https:\/\/midlifescapes.com\/fugas\/galeria-fotografica\/#breadcrumb\",\"itemListElement\":[{\"@type\":\"ListItem\",\"position\":1,\"name\":\"Home\",\"item\":\"https:\/\/midlifescapes.com\/\"},{\"@type\":\"ListItem\",\"position\":2,\"name\":\"Pequenas Fugas\",\"item\":\"https:\/\/midlifescapes.com\/fugas\/\"},{\"@type\":\"ListItem\",\"position\":3,\"name\":\"Pausas Perfeitas\"}]},{\"@type\":\"WebSite\",\"@id\":\"https:\/\/midlifescapes.com\/#website\",\"url\":\"https:\/\/midlifescapes.com\/\",\"name\":\"Midlife Scapes\",\"description\":\"Travel Blog\",\"publisher\":{\"@id\":\"https:\/\/midlifescapes.com\/#organization\"},\"potentialAction\":[{\"@type\":\"SearchAction\",\"target\":{\"@type\":\"EntryPoint\",\"urlTemplate\":\"https:\/\/midlifescapes.com\/?s={search_term_string}\"},\"query-input\":{\"@type\":\"PropertyValueSpecification\",\"valueRequired\":true,\"valueName\":\"search_term_string\"}}],\"inLanguage\":\"en-GB\"},{\"@type\":\"Organization\",\"@id\":\"https:\/\/midlifescapes.com\/#organization\",\"name\":\"Midlife Scapes\",\"url\":\"https:\/\/midlifescapes.com\/\",\"logo\":{\"@type\":\"ImageObject\",\"inLanguage\":\"en-GB\",\"@id\":\"https:\/\/midlifescapes.com\/#\/schema\/logo\/image\/\",\"url\":\"http:\/\/midlifescapes.com\/wp-content\/uploads\/2023\/03\/cropped-cropped-Logo.png\",\"contentUrl\":\"http:\/\/midlifescapes.com\/wp-content\/uploads\/2023\/03\/cropped-cropped-Logo.png\",\"width\":512,\"height\":195,\"caption\":\"Midlife Scapes\"},\"image\":{\"@id\":\"https:\/\/midlifescapes.com\/#\/schema\/logo\/image\/\"},\"sameAs\":[\"https:\/\/www.facebook.com\/profile.php?id=100091307713467\",\"https:\/\/www.instagram.com\/midlife_scapes\/\"]}]}<\/script>\n<!-- \/ Yoast SEO plugin. -->","yoast_head_json":{"title":"Pausas Perfeitas - Midlife Scapes","description":"Here we will share suggestions for those who want to escape the routine and find ways to relax. Whether it's enjoying a quiet afternoon in a park, taking a hike in a nature reserve, or exploring a neighborhood in the city, these tours provide an opportunity to rediscover familiar places or discover new hidden gems in nearby or not-so-distant destinations.","robots":{"index":"index","follow":"follow","max-snippet":"max-snippet:-1","max-image-preview":"max-image-preview:large","max-video-preview":"max-video-preview:-1"},"canonical":"https:\/\/midlifescapes.com\/en\/fugas\/galeria-fotografica\/","og_locale":"en_GB","og_type":"article","og_title":"Pausas Perfeitas - Midlife Scapes","og_description":"Aqui vamos partilhar sugest\u00f5es para quem deseja fugir da rotina e encontrar formas de relaxamento. Seja a desfrutar de uma tarde tranquila num um parque, fazer uma caminhada numa uma reserva natural ou explorar um bairro na cidade, estes passeios proporcionam a oportunidade de redescobrir lugares conhecidos ou descobrir novos tesouros escondidos em destinos pr\u00f3ximos ou n\u00e3o t\u00e3o distantes.","og_url":"https:\/\/midlifescapes.com\/en\/fugas\/galeria-fotografica\/","og_site_name":"Midlife Scapes","article_publisher":"https:\/\/www.facebook.com\/profile.php?id=100091307713467","article_modified_time":"2023-04-24T22:53:18+00:00","og_image":[{"url":"http:\/\/midlifescapes.com\/wp-content\/uploads\/2023\/04\/pausas4.png","type":"","width":"","height":""}],"twitter_card":"summary_large_image","twitter_misc":{"Estimated reading time":"1 minute"},"schema":{"@context":"https:\/\/schema.org","@graph":[{"@type":"WebPage","@id":"https:\/\/midlifescapes.com\/fugas\/galeria-fotografica\/","url":"https:\/\/midlifescapes.com\/fugas\/galeria-fotografica\/","name":"Pausas Perfeitas - Midlife Scapes","isPartOf":{"@id":"https:\/\/midlifescapes.com\/#website"},"primaryImageOfPage":{"@id":"https:\/\/midlifescapes.com\/fugas\/galeria-fotografica\/#primaryimage"},"image":{"@id":"https:\/\/midlifescapes.com\/fugas\/galeria-fotografica\/#primaryimage"},"thumbnailUrl":"http:\/\/midlifescapes.com\/wp-content\/uploads\/2023\/04\/pausas4.png","datePublished":"2023-03-26T23:04:38+00:00","dateModified":"2023-04-24T22:53:18+00:00","description":"Here we will share suggestions for those who want to escape the routine and find ways to relax. Whether it's enjoying a quiet afternoon in a park, taking a hike in a nature reserve, or exploring a neighborhood in the city, these tours provide an opportunity to rediscover familiar places or discover new hidden gems in nearby or not-so-distant destinations.","breadcrumb":{"@id":"https:\/\/midlifescapes.com\/fugas\/galeria-fotografica\/#breadcrumb"},"inLanguage":"en-GB","potentialAction":[{"@type":"ReadAction","target":["https:\/\/midlifescapes.com\/fugas\/galeria-fotografica\/"]}]},{"@type":"ImageObject","inLanguage":"en-GB","@id":"https:\/\/midlifescapes.com\/fugas\/galeria-fotografica\/#primaryimage","url":"http:\/\/midlifescapes.com\/wp-content\/uploads\/2023\/04\/pausas4.png","contentUrl":"http:\/\/midlifescapes.com\/wp-content\/uploads\/2023\/04\/pausas4.png"},{"@type":"BreadcrumbList","@id":"https:\/\/midlifescapes.com\/fugas\/galeria-fotografica\/#breadcrumb","itemListElement":[{"@type":"ListItem","position":1,"name":"Home","item":"https:\/\/midlifescapes.com\/"},{"@type":"ListItem","position":2,"name":"Pequenas Fugas","item":"https:\/\/midlifescapes.com\/fugas\/"},{"@type":"ListItem","position":3,"name":"Pausas Perfeitas"}]},{"@type":"WebSite","@id":"https:\/\/midlifescapes.com\/#website","url":"https:\/\/midlifescapes.com\/","name":"Midlife Scapes","description":"Travel Blog","publisher":{"@id":"https:\/\/midlifescapes.com\/#organization"},"potentialAction":[{"@type":"SearchAction","target":{"@type":"EntryPoint","urlTemplate":"https:\/\/midlifescapes.com\/?s={search_term_string}"},"query-input":{"@type":"PropertyValueSpecification","valueRequired":true,"valueName":"search_term_string"}}],"inLanguage":"en-GB"},{"@type":"Organization","@id":"https:\/\/midlifescapes.com\/#organization","name":"Midlife Scapes","url":"https:\/\/midlifescapes.com\/","logo":{"@type":"ImageObject","inLanguage":"en-GB","@id":"https:\/\/midlifescapes.com\/#\/schema\/logo\/image\/","url":"http:\/\/midlifescapes.com\/wp-content\/uploads\/2023\/03\/cropped-cropped-Logo.png","contentUrl":"http:\/\/midlifescapes.com\/wp-content\/uploads\/2023\/03\/cropped-cropped-Logo.png","width":512,"height":195,"caption":"Midlife Scapes"},"image":{"@id":"https:\/\/midlifescapes.com\/#\/schema\/logo\/image\/"},"sameAs":["https:\/\/www.facebook.com\/profile.php?id=100091307713467","https:\/\/www.instagram.com\/midlife_scapes\/"]}]}},"_links":{"self":[{"href":"https:\/\/midlifescapes.com\/en\/wp-json\/wp\/v2\/pages\/587","targetHints":{"allow":["GET"]}}],"collection":[{"href":"https:\/\/midlifescapes.com\/en\/wp-json\/wp\/v2\/pages"}],"about":[{"href":"https:\/\/midlifescapes.com\/en\/wp-json\/wp\/v2\/types\/page"}],"author":[{"embeddable":true,"href":"https:\/\/midlifescapes.com\/en\/wp-json\/wp\/v2\/users\/1"}],"replies":[{"embeddable":true,"href":"https:\/\/midlifescapes.com\/en\/wp-json\/wp\/v2\/comments?post=587"}],"version-history":[{"count":0,"href":"https:\/\/midlifescapes.com\/en\/wp-json\/wp\/v2\/pages\/587\/revisions"}],"up":[{"embeddable":true,"href":"https:\/\/midlifescapes.com\/en\/wp-json\/wp\/v2\/pages\/589"}],"wp:attachment":[{"href":"https:\/\/midlifescapes.com\/en\/wp-json\/wp\/v2\/media?parent=587"}],"curies":[{"name":"wp","href":"https:\/\/api.w.org\/{rel}","templated":true}]}}